{"id":76,"date":"2024-08-07T03:03:31","date_gmt":"2024-08-07T03:03:31","guid":{"rendered":"http:\/\/practicas.fi.ubiobio.cl\/?page_id=76"},"modified":"2024-10-16T16:53:16","modified_gmt":"2024-10-16T16:53:16","slug":"proceso-de-practica","status":"publish","type":"page","link":"http:\/\/practicas.fi.ubiobio.cl\/index.php\/proceso-de-practica\/","title":{"rendered":"Proceso de Pr\u00e1ctica"},"content":{"rendered":"\n<h2 class=\"wp-block-heading\">Aspectos Generales<\/h2>\n\n\n\n<p>Las pr\u00e1cticas son actividades curriculares en empresas u organizaciones que permiten a los estudiantes complementar su formaci\u00f3n, orient\u00e1ndolos hacia el ejercicio profesional como ingenieros. Estas pr\u00e1cticas est\u00e1n definidas por cada escuela de la Facultad de Ingenier\u00eda de la Universidad del B\u00edo-B\u00edo y son parte del Plan de Estudios de las carreras.<\/p>\n\n\n\n<p><\/p>\n\n\n\n<p>La Facultad de Ingenier\u00eda cuenta con 10 planes de formaci\u00f3n, que incluyen tanto asignaturas te\u00f3ricas como pr\u00e1cticas en contextos reales. Existen dos tipos de pr\u00e1cticas:<\/p>\n\n\n\n<ul class=\"wp-block-list\">\n<li><strong>Pr\u00e1ctica de Inserci\u00f3n o Pr\u00e1ctica I<\/strong>: Busca que el estudiante tenga su primer contacto con las competencias laborales de la ingenier\u00eda, observando y relacionando lo aprendido en el \u00e1mbito acad\u00e9mico con un entorno profesional inicial.<\/li>\n<\/ul>\n\n\n\n<ul class=\"wp-block-list\">\n<li><strong>Pr\u00e1ctica Profesional o Pr\u00e1ctica II<\/strong>: Permite que el estudiante ejecute competencias laborales en su especialidad, desarrollando estudios y proyectos de ingenier\u00eda, integrando conocimientos y metodolog\u00edas en un contexto laboral supervisado.<\/li>\n<\/ul>\n\n\n\n<ul class=\"wp-block-list has-normal-font-size\">\n<li><\/li>\n<\/ul>\n\n\n\n<ul class=\"wp-block-list has-normal-font-size\">\n<li><\/li>\n<\/ul>\n\n\n\n<ul class=\"wp-block-list has-normal-font-size\">\n<li><\/li>\n<\/ul>\n\n\n\n<ul class=\"wp-block-list has-normal-font-size\">\n<li><\/li>\n<\/ul>\n\n\n\n<p><\/p>\n\n\n\n<p>La siguiente tabla muestra los tipos y ubicaci\u00f3n de las pr\u00e1cticas en el plan de estudio de cada una de las carreras de la Facultad de Ingenier\u00eda.<\/p>\n\n\n\n<div class=\"wp-block-columns is-layout-flex wp-container-core-columns-is-layout-9d6595d7 wp-block-columns-is-layout-flex\">\n<div class=\"wp-block-column is-layout-flow wp-block-column-is-layout-flow\">\n<figure class=\"wp-block-table is-style-stripes\"><table class=\"has-fixed-layout\"><tbody><tr><td><strong><em>Escuela<\/em><\/strong><\/td><\/tr><tr><td><a href=\"https:\/\/ubiobio.cl\/admision\/Ingenieria\/7\/Ingenieria_Civil\/\">Ingenier\u00eda Civil<\/a><\/td><\/tr><tr><td><a href=\"https:\/\/ubiobio.cl\/admision\/Todas_las_Carreras\/10\/Ingenieria_Civil_Industrial\/\">Ingenier\u00eda Civil Industrial<\/a><\/td><\/tr><tr><td><a href=\"https:\/\/ubiobio.cl\/admision\/Ingenieria\/11\/Ingenieria_Civil_Mecanica\/\">Ingenier\u00eda Civil Mec\u00e1nica<\/a><\/td><\/tr><tr><td><a href=\"https:\/\/ubiobio.cl\/admision\/Ingenieria\/51\/Ingenieria_Mecanica\/\">Ingenier\u00eda Mec\u00e1nica<\/a><\/td><\/tr><tr><td><a href=\"https:\/\/ubiobio.cl\/admision\/Ingenieria\/6\/Ingenieria_Civil_Electrica\/\">Ingenier\u00eda Civil El\u00e9ctrica<\/a><\/td><\/tr><tr><td><a href=\"https:\/\/ubiobio.cl\/admision\/Ingenieria\/50\/Ingenieria_Electrica\/\">Ingenier\u00eda  El\u00e9ctrica<\/a><\/td><\/tr><tr><td><a href=\"https:\/\/ubiobio.cl\/admision\/Ingenieria\/52\/Ingenieria_Electronica\/\">Ingenier\u00eda Electr\u00f3nica<\/a><\/td><\/tr><tr><td><a href=\"https:\/\/ubiobio.cl\/admision\/Ingenieria\/9\/Ingenieria_Civil_en_Automatizacion\/\">Ingenier\u00eda Civil en Automatizaci\u00f3n<\/a><\/td><\/tr><tr><td><a href=\"https:\/\/ubiobio.cl\/admision\/Ingenieria\/5\/Ingenieria_Civil_Quimica\/\">Ingenier\u00eda Civil Qu\u00edmica<\/a><\/td><\/tr><\/tbody><\/table><\/figure>\n<\/div>\n\n\n\n<div class=\"wp-block-column is-layout-flow wp-block-column-is-layout-flow\">\n<figure class=\"wp-block-table is-style-stripes\"><table class=\"has-fixed-layout\"><tbody><tr><td class=\"has-text-align-center\" data-align=\"center\"><strong><em>Pr\u00e1ctica de Inserci\u00f3n (Semestre)<\/em><\/strong><\/td><\/tr><tr><td class=\"has-text-align-center\" data-align=\"center\">6\u00b0<\/td><\/tr><tr><td class=\"has-text-align-center\" data-align=\"center\">7\u00b0<\/td><\/tr><tr><td class=\"has-text-align-center\" data-align=\"center\">&#8211;<\/td><\/tr><tr><td class=\"has-text-align-center\" data-align=\"center\">&#8211;<\/td><\/tr><tr><td class=\"has-text-align-center\" data-align=\"center\">&#8211;<\/td><\/tr><tr><td class=\"has-text-align-center\" data-align=\"center\">&#8211;<\/td><\/tr><tr><td class=\"has-text-align-center\" data-align=\"center\">&#8211;<\/td><\/tr><tr><td class=\"has-text-align-center\" data-align=\"center\">&#8211;<\/td><\/tr><tr><td class=\"has-text-align-center\" data-align=\"center\">&#8211;<\/td><\/tr><\/tbody><\/table><\/figure>\n<\/div>\n\n\n\n<div class=\"wp-block-column is-vertically-aligned-top is-layout-flow wp-block-column-is-layout-flow\">\n<figure class=\"wp-block-table is-style-stripes\"><table class=\"has-fixed-layout\"><tbody><tr><td class=\"has-text-align-center\" data-align=\"center\"><strong><em>Pr\u00e1ctica Profesional (Semestre)<\/em><\/strong><\/td><\/tr><tr><td class=\"has-text-align-center\" data-align=\"center\">10\u00b0<\/td><\/tr><tr><td class=\"has-text-align-center\" data-align=\"center\">9\u00b0<\/td><\/tr><tr><td class=\"has-text-align-center\" data-align=\"center\">9\u00b0<\/td><\/tr><tr><td class=\"has-text-align-center\" data-align=\"center\">6\u00b0<\/td><\/tr><tr><td class=\"has-text-align-center\" data-align=\"center\">9\u00b0<\/td><\/tr><tr><td class=\"has-text-align-center\" data-align=\"center\">6\u00b0<\/td><\/tr><tr><td class=\"has-text-align-center\" data-align=\"center\">6\u00b0<\/td><\/tr><tr><td class=\"has-text-align-center\" data-align=\"center\">10\u00b0<\/td><\/tr><tr><td class=\"has-text-align-center\" data-align=\"center\">10\u00b0<\/td><\/tr><\/tbody><\/table><\/figure>\n<\/div>\n<\/div>\n\n\n\n<h2 class=\"wp-block-heading\">Proceso de Pr\u00e1ctica<\/h2>\n\n\n\n<p>A continuaci\u00f3n se presenta un flujograma de carriles que facilita la identificaci\u00f3n de los procesos de trabajo y responsables, cada columna es un actor involucrado en el proceso y los objetos son las etapas del proceso.<\/p>\n\n\n\n<div class=\"wp-block-columns is-layout-flex wp-container-core-columns-is-layout-9d6595d7 wp-block-columns-is-layout-flex\">\n<div class=\"wp-block-column is-layout-flow wp-block-column-is-layout-flow\" style=\"flex-basis:5%\"><\/div>\n\n\n\n<div class=\"wp-block-column is-layout-flow wp-block-column-is-layout-flow\" style=\"flex-basis:90%\"><div class=\"wp-block-image\">\n<figure class=\"aligncenter size-full\"><img loading=\"lazy\" decoding=\"async\" width=\"963\" height=\"1119\" src=\"http:\/\/practicas.fi.ubiobio.cl\/wp-content\/uploads\/2024\/10\/Proceso-Practica-1.png\" alt=\"\" class=\"wp-image-458\" style=\"object-fit:cover\" srcset=\"http:\/\/practicas.fi.ubiobio.cl\/wp-content\/uploads\/2024\/10\/Proceso-Practica-1.png 963w, http:\/\/practicas.fi.ubiobio.cl\/wp-content\/uploads\/2024\/10\/Proceso-Practica-1-258x300.png 258w, http:\/\/practicas.fi.ubiobio.cl\/wp-content\/uploads\/2024\/10\/Proceso-Practica-1-881x1024.png 881w, http:\/\/practicas.fi.ubiobio.cl\/wp-content\/uploads\/2024\/10\/Proceso-Practica-1-768x892.png 768w\" sizes=\"auto, (max-width: 963px) 100vw, 963px\" \/><\/figure>\n<\/div><\/div>\n\n\n\n<div class=\"wp-block-column is-layout-flow wp-block-column-is-layout-flow\" style=\"flex-basis:5%\"><\/div>\n<\/div>\n\n\n\n<p><\/p>\n\n\n\n<p><\/p>\n\n\n\n<h2 class=\"wp-block-heading\">Documentos de inter\u00e9s<\/h2>\n\n\n\n<div class=\"wp-block-columns is-layout-flex wp-container-core-columns-is-layout-9d6595d7 wp-block-columns-is-layout-flex\">\n<div class=\"wp-block-column is-layout-flow wp-block-column-is-layout-flow\">\n<div class=\"wp-block-buttons is-layout-flex wp-block-buttons-is-layout-flex\">\n<div class=\"wp-block-button has-custom-width wp-block-button__width-75\"><a class=\"wp-block-button__link wp-element-button\" href=\"http:\/\/practicas.fi.ubiobio.cl\/wp-content\/uploads\/2024\/09\/Reglamento-de-Practica.pdf\" target=\"_blank\" rel=\"noreferrer noopener\">Reglamento de Pr\u00e1ctica<\/a><\/div>\n<\/div>\n<\/div>\n\n\n\n<div class=\"wp-block-column is-layout-flow wp-block-column-is-layout-flow\">\n<div class=\"wp-block-buttons is-layout-flex wp-block-buttons-is-layout-flex\">\n<div class=\"wp-block-button has-custom-width wp-block-button__width-75\"><a class=\"wp-block-button__link wp-element-button\" href=\"http:\/\/practicas.fi.ubiobio.cl\/wp-content\/uploads\/2024\/09\/Anexo-2-Bitacora-de-Practica-Profesional.docx\" target=\"_blank\" rel=\"noreferrer noopener\">Bit\u00e1cora de Pr\u00e1ctica Profesional<\/a><\/div>\n<\/div>\n<\/div>\n\n\n\n<div class=\"wp-block-column is-layout-flow wp-block-column-is-layout-flow\">\n<div class=\"wp-block-buttons is-layout-flex wp-block-buttons-is-layout-flex\">\n<div class=\"wp-block-button has-custom-width wp-block-button__width-75\"><a class=\"wp-block-button__link wp-element-button\" href=\"http:\/\/practicas.fi.ubiobio.cl\/wp-content\/uploads\/2024\/09\/Anexo-3-Registro-de-Asistencia.docx\" target=\"_blank\" rel=\"noreferrer noopener\">Registro de Asistencia<\/a><\/div>\n<\/div>\n<\/div>\n<\/div>\n\n\n\n<div class=\"wp-block-columns is-layout-flex wp-container-core-columns-is-layout-9d6595d7 wp-block-columns-is-layout-flex\">\n<div class=\"wp-block-column is-layout-flow wp-block-column-is-layout-flow\">\n<div class=\"wp-block-buttons is-layout-flex wp-block-buttons-is-layout-flex\">\n<div class=\"wp-block-button has-custom-width wp-block-button__width-75\"><a class=\"wp-block-button__link wp-element-button\" href=\"http:\/\/practicas.fi.ubiobio.cl\/wp-content\/uploads\/2024\/10\/Anexo-4-Formato-Informe-Final-de-Cierre-V2.pdf\" target=\"_blank\" rel=\"noreferrer noopener\">Formato Informe Final de Cierre Pr\u00e1ctica<\/a><\/div>\n<\/div>\n<\/div>\n\n\n\n<div class=\"wp-block-column is-layout-flow wp-block-column-is-layout-flow\">\n<div class=\"wp-block-buttons is-layout-flex wp-block-buttons-is-layout-flex\">\n<div class=\"wp-block-button has-custom-width wp-block-button__width-75\"><a class=\"wp-block-button__link wp-element-button\" href=\"https:\/\/drive.google.com\/file\/d\/17s6EqVGHNqmXiRqz9N8Y-_cawR0SXqjm\/view?usp=sharing\" target=\"_blank\" rel=\"noreferrer noopener\">Gu\u00eda Accidente Escolar y Seguro Escolar<\/a><\/div>\n<\/div>\n<\/div>\n\n\n\n<div class=\"wp-block-column is-layout-flow wp-block-column-is-layout-flow\">\n<div class=\"wp-block-buttons is-layout-flex wp-block-buttons-is-layout-flex\">\n<div class=\"wp-block-button has-custom-width wp-block-button__width-75\"><a class=\"wp-block-button__link wp-element-button\" href=\"http:\/\/destudiantil.ubiobio.cl\/documentos\/201105201047220.Declaracion_Individual_de_Accidente_Escolar.pdf\" target=\"_blank\" rel=\"noreferrer noopener\">Formulario de Declaraci\u00f3n de Accidente Escolar (DDE)<\/a><\/div>\n<\/div>\n<\/div>\n<\/div>\n","protected":false},"excerpt":{"rendered":"<p>Aspectos Generales Las pr\u00e1cticas son actividades curriculares en empresas u organizaciones que permiten a los estudiantes complementar su formaci\u00f3n, orient\u00e1ndolos hacia el ejercicio profesional como ingenieros. Estas pr\u00e1cticas est\u00e1n definidas por cada escuela de la Facultad de Ingenier\u00eda de la Universidad del B\u00edo-B\u00edo y son parte del Plan de Estudios de las carreras. La Facultad [&hellip;]<\/p>\n","protected":false},"author":1,"featured_media":0,"parent":0,"menu_order":0,"comment_status":"closed","ping_status":"closed","template":"","meta":{"footnotes":""},"class_list":["post-76","page","type-page","status-publish","hentry"],"_links":{"self":[{"href":"http:\/\/practicas.fi.ubiobio.cl\/index.php\/wp-json\/wp\/v2\/pages\/76","targetHints":{"allow":["GET"]}}],"collection":[{"href":"http:\/\/practicas.fi.ubiobio.cl\/index.php\/wp-json\/wp\/v2\/pages"}],"about":[{"href":"http:\/\/practicas.fi.ubiobio.cl\/index.php\/wp-json\/wp\/v2\/types\/page"}],"author":[{"embeddable":true,"href":"http:\/\/practicas.fi.ubiobio.cl\/index.php\/wp-json\/wp\/v2\/users\/1"}],"replies":[{"embeddable":true,"href":"http:\/\/practicas.fi.ubiobio.cl\/index.php\/wp-json\/wp\/v2\/comments?post=76"}],"version-history":[{"count":86,"href":"http:\/\/practicas.fi.ubiobio.cl\/index.php\/wp-json\/wp\/v2\/pages\/76\/revisions"}],"predecessor-version":[{"id":474,"href":"http:\/\/practicas.fi.ubiobio.cl\/index.php\/wp-json\/wp\/v2\/pages\/76\/revisions\/474"}],"wp:attachment":[{"href":"http:\/\/practicas.fi.ubiobio.cl\/index.php\/wp-json\/wp\/v2\/media?parent=76"}],"curies":[{"name":"wp","href":"https:\/\/api.w.org\/{rel}","templated":true}]}}